{"id":2233,"date":"2024-01-05T16:06:15","date_gmt":"2024-01-05T08:06:15","guid":{"rendered":"https:\/\/www.joysee-optical.com\/?post_type=product&#038;p=2233"},"modified":"2024-01-06T19:41:38","modified_gmt":"2024-01-06T11:41:38","slug":"lt1048-classic-design-by-custom-eyewear-manufacturer-and-glasses-wholesalerlt1048","status":"publish","type":"product","link":"https:\/\/www.joysee-optical.com\/pt\/produto\/lt1048-classic-design-by-custom-eyewear-manufacturer-and-glasses-wholesalerlt1048\/","title":{"rendered":"LT1048 - Design cl\u00e1ssico por Fabricante de \u00f3culos personalizados e grossista de \u00f3culos"},"content":{"rendered":"<h2>Qualidade de um fabricante l\u00edder de \u00f3culos personalizados<\/h2>\n<p>Quando se trata de comprar \u00f3culos, escolher pe\u00e7as de um fabricante de \u00f3culos personalizados de renome como n\u00f3s pode fazer toda a diferen\u00e7a. Somos um grossista de \u00f3culos de topo na ind\u00fastria, oferecendo uma qualidade excecional aos nossos clientes.<\/p>\n<h3>Qualidade inigual\u00e1vel dos materiais<\/h3>\n<p>Os nossos \u00f3culos s\u00e3o produzidos com acetato de alta qualidade, o que garante um ajuste duradouro e confort\u00e1vel. Como grossista de \u00f3culos conhecido pela sua qualidade, os nossos \u00f3culos n\u00e3o s\u00f3 t\u00eam bom aspeto como tamb\u00e9m proporcionam um desempenho de topo.<\/p>\n<h3>Design cl\u00e1ssico e atrativo<\/h3>\n<p>Os \u00f3culos que produzimos t\u00eam um design cl\u00e1ssico. Compreendemos que os \u00f3culos n\u00e3o s\u00e3o apenas uma necessidade, mas tamb\u00e9m uma afirma\u00e7\u00e3o de moda, e a nossa f\u00e1brica de \u00f3culos produz pe\u00e7as que respondem a estas necessidades. Desde \u00f3culos de sol a \u00f3culos \u00f3pticos, a nossa cole\u00e7\u00e3o ir\u00e1 certamente cativ\u00e1-lo.<\/p>\n<h3>Op\u00e7\u00f5es de venda por grosso e a retalho<\/h3>\n<p>Somos um grossista de \u00f3culos de sol e de \u00f3culos de prote\u00e7\u00e3o que serve n\u00e3o s\u00f3 os retalhistas, mas tamb\u00e9m os clientes individuais. Quer pretenda comprar \u00f3culos de sol a granel ou uma \u00fanica pe\u00e7a de \u00f3culos personalizada, podemos satisfazer as suas necessidades.<\/p>\n<h3>Confian\u00e7a na nossa experi\u00eancia<\/h3>\n<p>Como fabricante de \u00f3culos de sol de renome, os nossos produtos s\u00e3o submetidos a rigorosos controlos de qualidade. Estamos empenhados em fornecer apenas o melhor, o que nos torna uma das 10 melhores empresas de \u00f3culos de sol do sector.<\/p>","protected":false},"excerpt":{"rendered":"<p>Escolha qualidade e estilo com os nossos \u00f3culos personalizados. Enquanto grossista e fabricante l\u00edder de \u00f3culos, os nossos produtos s\u00e3o fabricados em acetato duradouro e apresentam um design cl\u00e1ssico. Desde \u00f3culos de sol a \u00f3culos \u00f3pticos, confie em n\u00f3s para fornecer \u00f3culos de topo de gama<\/p>","protected":false},"featured_media":2238,"comment_status":"closed","ping_status":"closed","template":"","meta":[],"product_cat":[47,40],"product_tag":[46,65],"class_list":{"0":"post-2233","1":"product","2":"type-product","3":"status-publish","4":"has-post-thumbnail","6":"product_cat-acetate-eyeglasses","7":"product_cat-optical-frames","8":"product_tag-acetate","9":"product_tag-optical-frames","11":"first","12":"instock","13":"shipping-taxable","14":"product-type-simple"},"_links":{"self":[{"href":"https:\/\/www.joysee-optical.com\/pt\/wp-json\/wp\/v2\/product\/2233","targetHints":{"allow":["GET"]}}],"collection":[{"href":"https:\/\/www.joysee-optical.com\/pt\/wp-json\/wp\/v2\/product"}],"about":[{"href":"https:\/\/www.joysee-optical.com\/pt\/wp-json\/wp\/v2\/types\/product"}],"replies":[{"embeddable":true,"href":"https:\/\/www.joysee-optical.com\/pt\/wp-json\/wp\/v2\/comments?post=2233"}],"wp:featuredmedia":[{"embeddable":true,"href":"https:\/\/www.joysee-optical.com\/pt\/wp-json\/wp\/v2\/media\/2238"}],"wp:attachment":[{"href":"https:\/\/www.joysee-optical.com\/pt\/wp-json\/wp\/v2\/media?parent=2233"}],"wp:term":[{"taxonomy":"product_cat","embeddable":true,"href":"https:\/\/www.joysee-optical.com\/pt\/wp-json\/wp\/v2\/product_cat?post=2233"},{"taxonomy":"product_tag","embeddable":true,"href":"https:\/\/www.joysee-optical.com\/pt\/wp-json\/wp\/v2\/product_tag?post=2233"}],"curies":[{"name":"wp","href":"https:\/\/api.w.org\/{rel}","templated":true}]}}